{"id":34,"date":"2023-09-25T14:21:22","date_gmt":"2023-09-25T12:21:22","guid":{"rendered":"https:\/\/vivello.ch\/hb\/?page_id=34"},"modified":"2024-09-27T10:33:24","modified_gmt":"2024-09-27T08:33:24","slug":"accueil","status":"publish","type":"page","link":"https:\/\/vivello.ch\/hb\/","title":{"rendered":"Accueil"},"content":{"rendered":"\n<p>Bienvenue \u00e0 toutes et \u00e0 tous !<\/p>\n\n\n\n<p>Ce championnat loisirs 74 est organis\u00e9 de mani\u00e8re non-officielle entre 9 \u00e9quipes qui ont envie de jouer et de se faire plaisir. Pour plus d&rsquo;infos vous pouvez prendre contact avec Sylvain du club Poisy Handball.<\/p>\n\n\n<div class=\"sp-widget-align-none\"><div class=\"widget widget_sportspress widget_league_table widget_sp_league_table\"><div class=\"sp-template sp-template-league-table\">\n\t<div class=\"sp-table-wrapper\"><table class=\"sp-league-table sp-data-table sp-sortable-table sp-scrollable-table sp-paginated-table\" data-sp-rows=\"9\"><thead><tr><th class=\"data-rank\">Pos<\/th><th class=\"data-name\">\u00c9quipe<\/th><th class=\"data-t\">J<\/th><th class=\"data-w\">G<\/th><th class=\"data-d\">N<\/th><th class=\"data-l\">P<\/th><th class=\"data-f\">buts+<\/th><th class=\"data-a\">Buts-<\/th><th class=\"data-diff\">DIFF<\/th><th class=\"data-pts\">Pts<\/th><\/tr><\/thead><tbody><tr class=\"odd sp-row-no-0\"><td class=\"data-rank\" data-label=\"Pos\">1<\/td><td class=\"data-name\" data-label=\"\u00c9quipe\">Annecy Glaisins<\/td><td class=\"data-t\" data-label=\"J\">11<\/td><td class=\"data-w\" data-label=\"G\">10<\/td><td class=\"data-d\" data-label=\"N\">0<\/td><td class=\"data-l\" data-label=\"P\">1<\/td><td class=\"data-f\" data-label=\"buts+\">386<\/td><td class=\"data-a\" data-label=\"Buts-\">308<\/td><td class=\"data-diff\" data-label=\"DIFF\">78<\/td><td class=\"data-pts\" data-label=\"Pts\">20<\/td><\/tr><tr class=\"even sp-row-no-1\"><td class=\"data-rank\" data-label=\"Pos\">2<\/td><td class=\"data-name\" data-label=\"\u00c9quipe\">La Balme<\/td><td class=\"data-t\" data-label=\"J\">11<\/td><td class=\"data-w\" data-label=\"G\">8<\/td><td class=\"data-d\" data-label=\"N\">0<\/td><td class=\"data-l\" data-label=\"P\">3<\/td><td class=\"data-f\" data-label=\"buts+\">288<\/td><td class=\"data-a\" data-label=\"Buts-\">262<\/td><td class=\"data-diff\" data-label=\"DIFF\">26<\/td><td class=\"data-pts\" data-label=\"Pts\">16<\/td><\/tr><tr class=\"odd sp-row-no-2\"><td class=\"data-rank\" data-label=\"Pos\">3<\/td><td class=\"data-name\" data-label=\"\u00c9quipe\">La Roche<\/td><td class=\"data-t\" data-label=\"J\">10<\/td><td class=\"data-w\" data-label=\"G\">7<\/td><td class=\"data-d\" data-label=\"N\">1<\/td><td class=\"data-l\" data-label=\"P\">2<\/td><td class=\"data-f\" data-label=\"buts+\">310<\/td><td class=\"data-a\" data-label=\"Buts-\">251<\/td><td class=\"data-diff\" data-label=\"DIFF\">59<\/td><td class=\"data-pts\" data-label=\"Pts\">15<\/td><\/tr><tr class=\"even sp-row-no-3\"><td class=\"data-rank\" data-label=\"Pos\">4<\/td><td class=\"data-name\" data-label=\"\u00c9quipe\">Poisy<\/td><td class=\"data-t\" data-label=\"J\">11<\/td><td class=\"data-w\" data-label=\"G\">5<\/td><td class=\"data-d\" data-label=\"N\">1<\/td><td class=\"data-l\" data-label=\"P\">5<\/td><td class=\"data-f\" data-label=\"buts+\">276<\/td><td class=\"data-a\" data-label=\"Buts-\">269<\/td><td class=\"data-diff\" data-label=\"DIFF\">7<\/td><td class=\"data-pts\" data-label=\"Pts\">11<\/td><\/tr><tr class=\"odd sp-row-no-4\"><td class=\"data-rank\" data-label=\"Pos\">5<\/td><td class=\"data-name\" data-label=\"\u00c9quipe\">Annecy Clarines<\/td><td class=\"data-t\" data-label=\"J\">11<\/td><td class=\"data-w\" data-label=\"G\">4<\/td><td class=\"data-d\" data-label=\"N\">1<\/td><td class=\"data-l\" data-label=\"P\">6<\/td><td class=\"data-f\" data-label=\"buts+\">349<\/td><td class=\"data-a\" data-label=\"Buts-\">302<\/td><td class=\"data-diff\" data-label=\"DIFF\">47<\/td><td class=\"data-pts\" data-label=\"Pts\">9<\/td><\/tr><tr class=\"even sp-row-no-5\"><td class=\"data-rank\" data-label=\"Pos\">6<\/td><td class=\"data-name\" data-label=\"\u00c9quipe\">Cruseilles 1<\/td><td class=\"data-t\" data-label=\"J\">9<\/td><td class=\"data-w\" data-label=\"G\">4<\/td><td class=\"data-d\" data-label=\"N\">1<\/td><td class=\"data-l\" data-label=\"P\">4<\/td><td class=\"data-f\" data-label=\"buts+\">246<\/td><td class=\"data-a\" data-label=\"Buts-\">233<\/td><td class=\"data-diff\" data-label=\"DIFF\">13<\/td><td class=\"data-pts\" data-label=\"Pts\">9<\/td><\/tr><tr class=\"odd sp-row-no-6\"><td class=\"data-rank\" data-label=\"Pos\">7<\/td><td class=\"data-name\" data-label=\"\u00c9quipe\">Cruseilles 2<\/td><td class=\"data-t\" data-label=\"J\">11<\/td><td class=\"data-w\" data-label=\"G\">4<\/td><td class=\"data-d\" data-label=\"N\">1<\/td><td class=\"data-l\" data-label=\"P\">6<\/td><td class=\"data-f\" data-label=\"buts+\">293<\/td><td class=\"data-a\" data-label=\"Buts-\">331<\/td><td class=\"data-diff\" data-label=\"DIFF\">-38<\/td><td class=\"data-pts\" data-label=\"Pts\">9<\/td><\/tr><tr class=\"even sp-row-no-7\"><td class=\"data-rank\" data-label=\"Pos\">8<\/td><td class=\"data-name\" data-label=\"\u00c9quipe\">Rumilly<\/td><td class=\"data-t\" data-label=\"J\">12<\/td><td class=\"data-w\" data-label=\"G\">2<\/td><td class=\"data-d\" data-label=\"N\">1<\/td><td class=\"data-l\" data-label=\"P\">9<\/td><td class=\"data-f\" data-label=\"buts+\">311<\/td><td class=\"data-a\" data-label=\"Buts-\">402<\/td><td class=\"data-diff\" data-label=\"DIFF\">-91<\/td><td class=\"data-pts\" data-label=\"Pts\">5<\/td><\/tr><tr class=\"odd sp-row-no-8\"><td class=\"data-rank\" data-label=\"Pos\">9<\/td><td class=\"data-name\" data-label=\"\u00c9quipe\">La Fili\u00e8re<\/td><td class=\"data-t\" data-label=\"J\">10<\/td><td class=\"data-w\" data-label=\"G\">1<\/td><td class=\"data-d\" data-label=\"N\">0<\/td><td class=\"data-l\" data-label=\"P\">9<\/td><td class=\"data-f\" data-label=\"buts+\">250<\/td><td class=\"data-a\" data-label=\"Buts-\">351<\/td><td class=\"data-diff\" data-label=\"DIFF\">-101<\/td><td class=\"data-pts\" data-label=\"Pts\">2<\/td><\/tr><\/tbody><\/table><\/div><\/div>\n<\/div><\/div>\n\n\n<p><\/p>\n","protected":false},"excerpt":{"rendered":"<p>Bienvenue \u00e0 toutes et \u00e0 tous ! Ce championnat loisirs 74 est organis\u00e9 de mani\u00e8re non-officielle entre 9 \u00e9quipes qui ont envie de jouer et de se faire plaisir. Pour plus d&rsquo;infos vous pouvez prendre contact avec Sylvain du club Poisy Handball.<\/p>\n","protected":false},"author":1,"featured_media":0,"parent":0,"menu_order":0,"comment_status":"closed","ping_status":"closed","template":"template-homepage.php","meta":{"footnotes":""},"class_list":["post-34","page","type-page","status-publish","hentry"],"_links":{"self":[{"href":"https:\/\/vivello.ch\/hb\/wp-json\/wp\/v2\/pages\/34","targetHints":{"allow":["GET"]}}],"collection":[{"href":"https:\/\/vivello.ch\/hb\/wp-json\/wp\/v2\/pages"}],"about":[{"href":"https:\/\/vivello.ch\/hb\/wp-json\/wp\/v2\/types\/page"}],"author":[{"embeddable":true,"href":"https:\/\/vivello.ch\/hb\/wp-json\/wp\/v2\/users\/1"}],"replies":[{"embeddable":true,"href":"https:\/\/vivello.ch\/hb\/wp-json\/wp\/v2\/comments?post=34"}],"version-history":[{"count":11,"href":"https:\/\/vivello.ch\/hb\/wp-json\/wp\/v2\/pages\/34\/revisions"}],"predecessor-version":[{"id":274,"href":"https:\/\/vivello.ch\/hb\/wp-json\/wp\/v2\/pages\/34\/revisions\/274"}],"wp:attachment":[{"href":"https:\/\/vivello.ch\/hb\/wp-json\/wp\/v2\/media?parent=34"}],"curies":[{"name":"wp","href":"https:\/\/api.w.org\/{rel}","templated":true}]}}