{"id":113,"date":"2023-09-30T11:14:50","date_gmt":"2023-09-30T09:14:50","guid":{"rendered":"https:\/\/vivello.ch\/hb\/?page_id=113"},"modified":"2025-09-23T17:54:24","modified_gmt":"2025-09-23T15:54:24","slug":"reglement","status":"publish","type":"page","link":"https:\/\/vivello.ch\/hb\/reglement\/","title":{"rendered":"R\u00e8glement"},"content":{"rendered":"\n<ul class=\"wp-block-list\">\n<li>Match gagn\u00e9 2 points \/ Nul 1 point \/ Perdu 0 \/ Forfait 0 avec score 0-10<\/li>\n\n\n\n<li>But de fille = 2 points (sauf pour les penalty)<\/li>\n\n\n\n<li>L&rsquo;\u00e9quipe qui re\u00e7oit se charge de l&rsquo;arbitrage et de l&rsquo;ap\u00e9ro \ud83d\ude09<\/li>\n\n\n\n<li>Matchs en 2x30min ou 3x20min \u00e0 convenir entre les \u00e9quipes<\/li>\n\n\n\n<li>Les matchs planifi\u00e9s doivent \u00eatre jou\u00e9s \u00e0 la date pr\u00e9vue. Report autoris\u00e9 au maximum de 2 semaines pleines (hors vacances scolaires), sinon forfait.<\/li>\n\n\n\n<li>Les matchs se jouent sur le cr\u00e9neau d&rsquo;entra\u00eenement de l&rsquo;\u00e9quipe qui re\u00e7oit (jour et heure)<\/li>\n\n\n\n<li>Charge aux \u00e9quipes de se concerter et de s&rsquo;entendre sur une nouvelle date en cas de report<\/li>\n<\/ul>\n\n\n\n<p><\/p>\n\n\n\n<p class=\"has-medium-font-size\"><br><strong>Jours et heures des matchs<\/strong><\/p>\n\n\n\n<p class=\"has-black-color has-text-color\"><strong>Annecy le vieux<\/strong> \u26aa\ufe0f<br>Jour de match : jeudi<br>Arriv\u00e9e \u00e0 20h10, acc\u00e8s au terrain \u00e0 20h30 et coup d&rsquo;envoi rapidement dans la foul\u00e9e <br>Gymnase des Pommaries : 5 clos du Buisson , 74940 Annecy-le-Vieux<br>Coordinateur loisirs : <br>&#8211; \u00c9quipe Glaisins : Clara Maignan<br>&#8211; \u00c9quipe Clarine: Maeva Delacour<\/p>\n\n\n\n<p class=\"has-black-color has-text-color\"><\/p>\n\n\n\n<p class=\"has-black-color has-text-color\"><strong>Cruseilles<\/strong> \ud83d\udfe1\u26ab\ufe0f<br>Jour de match : mardi<br>Arriv\u00e9e \u00e0 20h30, coup d&rsquo;envoi \u00e0 21h<br>Complexe sportif du pays de Cruseilles : 130 avenue des ebeaux, 74350 cruseilles<br>Coordinateur loisirs : Nicolas Delebarre<\/p>\n\n\n\n<p class=\"has-black-color has-text-color\"><strong>Filli\u00e8re<\/strong> \ud83d\udfe3<br>Jour de match : dimanche <br>Arriv\u00e9e \u00e0 10h, coup d&rsquo;envoi \u00e0 10h30 <br>Gymnase du Parmelan : 207 route de Lecy, 74570 Groisy<br>Coordinateur loisirs : Christophe<\/p>\n\n\n\n<p><strong>La Balme<\/strong> \ud83d\udfe1\u26ab\ufe0f<br>Jour de match : mercredi <br>Arriv\u00e9e \u00e0 20h, coup d&rsquo;envoi \u00e0 20h30 <br>Salle Polyvalente G. Daviet : 5 Rue Colle Umberto, 74330 La balme de Sillingy<br>Coordinateur loisirs : J\u00e9rome<\/p>\n\n\n\n<p><strong>La Roche sur Foron<\/strong> \ud83d\udfe1<br>Jour de match : mercredi <br>Arriv\u00e9e \u00e0 20h15, coup d&rsquo;envoi \u00e0 20h45 <br>Gymnase : Gymnase du coll\u00e8ge Sainte-Marie, La Roche-sur-Foron. <br>Attention : se garer au parking situ\u00e9 110 avenue Jean Jaures (acc\u00e8s gymnase situ\u00e9 au bout du parking)<br>Coordinateur loisirs : Georges Bousson<\/p>\n\n\n\n<p><strong>Poisy<\/strong> \ud83d\udd35<br>Jour de match : jeudi <br>Arriv\u00e9e \u00e0 20h, coup d&rsquo;envoi \u00e0 20h30 <br>Gymnase du coll\u00e8ge de poisy : 273 route du coll\u00e8ge, 74330 Poisy<br>Coordinateur loisirs : Sylvain Lucotte<\/p>\n\n\n\n<p><strong>Rumilly<\/strong> \ud83d\udd34<br>Jour de match : lundi <br>Arriv\u00e9e \u00e0 20h45, coup d&rsquo;envoi \u00e0 21h15 <br>Gymnase de l\u2019albanais : 55 route du Clergeon, 74150 Rumilly<br>Coordinateur loisirs : Rudy Langue<\/p>\n\n\n\n<p><\/p>\n\n\n\n<p><br><\/p>\n","protected":false},"excerpt":{"rendered":"<p>Jours et heures des matchs Annecy le vieux \u26aa\ufe0fJour de match : jeudiArriv\u00e9e \u00e0 20h10, acc\u00e8s au terrain \u00e0 20h30 et coup d&rsquo;envoi rapidement dans la foul\u00e9e Gymnase des Pommaries : 5 clos du Buisson , 74940 Annecy-le-VieuxCoordinateur loisirs : &#8211; \u00c9quipe Glaisins : Clara Maignan&#8211; \u00c9quipe Clarine: Maeva Delacour Cruseilles \ud83d\udfe1\u26ab\ufe0fJour de match : [&hellip;]<\/p>\n","protected":false},"author":2,"featured_media":0,"parent":0,"menu_order":0,"comment_status":"closed","ping_status":"closed","template":"","meta":{"footnotes":""},"class_list":["post-113","page","type-page","status-publish","hentry"],"_links":{"self":[{"href":"https:\/\/vivello.ch\/hb\/wp-json\/wp\/v2\/pages\/113","targetHints":{"allow":["GET"]}}],"collection":[{"href":"https:\/\/vivello.ch\/hb\/wp-json\/wp\/v2\/pages"}],"about":[{"href":"https:\/\/vivello.ch\/hb\/wp-json\/wp\/v2\/types\/page"}],"author":[{"embeddable":true,"href":"https:\/\/vivello.ch\/hb\/wp-json\/wp\/v2\/users\/2"}],"replies":[{"embeddable":true,"href":"https:\/\/vivello.ch\/hb\/wp-json\/wp\/v2\/comments?post=113"}],"version-history":[{"count":35,"href":"https:\/\/vivello.ch\/hb\/wp-json\/wp\/v2\/pages\/113\/revisions"}],"predecessor-version":[{"id":388,"href":"https:\/\/vivello.ch\/hb\/wp-json\/wp\/v2\/pages\/113\/revisions\/388"}],"wp:attachment":[{"href":"https:\/\/vivello.ch\/hb\/wp-json\/wp\/v2\/media?parent=113"}],"curies":[{"name":"wp","href":"https:\/\/api.w.org\/{rel}","templated":true}]}}